{"id":2014,"date":"2024-12-08T03:51:18","date_gmt":"2024-12-08T03:51:18","guid":{"rendered":"https:\/\/cityscapewp.wowtheme7.com\/?page_id=2014"},"modified":"2025-05-24T05:12:53","modified_gmt":"2025-05-24T05:12:53","slug":"property","status":"publish","type":"page","link":"https:\/\/domusspain.com\/es\/property\/","title":{"rendered":"Propiedad"},"content":{"rendered":"<div data-elementor-type=\"wp-page\" data-elementor-id=\"2014\" class=\"elementor elementor-2014\" data-elementor-post-type=\"page\">\n\t\t\t\t<div class=\"elementor-element elementor-element-cc0ef6a e-flex e-con-boxed e-con e-parent\" data-id=\"cc0ef6a\" data-element_type=\"container\">\n\t\t\t\t\t<div class=\"e-con-inner\">\n\t\t\t\t<div class=\"elementor-element elementor-element-f1a3119 elementor-widget elementor-widget-cityscape-property-tab-widget\" data-id=\"f1a3119\" data-element_type=\"widget\" data-widget_type=\"cityscape-property-tab-widget.default\">\n\t\t\t\t<div class=\"elementor-widget-container\">\n\t\t\t\t\t\n        <div class=\"property-list-item-wrap\">\n            <div class=\"text-center\">\n                <ul class=\"common-tab nav nav-pills justify-content-center mb-40\" id=\"pills-tab\" role=\"tablist\">\n                        \n\n                                                <li class=\"nav-item\" role=\"presentation\">\n                            <button class=\"nav-link bg-transparent active\" id=\"pills-Buy-tab\" data-bs-toggle=\"pill\" data-bs-target=\"#pills-Buy\" type=\"button\" role=\"tab\" aria-controls=\"pills-Buy\" aria-selected=\"true\">\n                                Comprar                            <\/button>\n                        <\/li>\n                                                            <\/ul>\n            <\/div>\n            <div class=\"tab-content\" id=\"pills-tabContent\">\n                 \n\n                                        <div class=\"tab-pane fade show active\" id=\"pills-Buy\" role=\"tabpanel\" aria-labelledby=\"pills-Buy-tab\" tabindex=\"0\">\n                        <div class=\"row gy-4\">\n                                                             \n                                    <div class=\"col-md-4 col-sm-6\">\n                                        <div class=\"property-item style-two\">\n                                            <div class=\"property-item__thumb\">\n                                                <a href=\"https:\/\/domusspain.com\/es\/directory\/investments-prestige-property-management-paramount\/\" class=\"link\">\n                                                    <img decoding=\"async\" src=\"\" alt=\"\" class=\"cover-img\">\n                                                <\/a> \n                                            <\/div>\n                                            <div class=\"property-item__content\">\n                                                <h6 class=\"property-item__title\">\n                                                    <a href=\"https:\/\/domusspain.com\/es\/directory\/investments-prestige-property-management-paramount\/\" class=\"link\">Inversiones Prestige Property Management Paramount<\/a>\n                                                <\/h6>\n                                                <ul class=\"amenities-list flx-align\">\n                                                    <li class=\"amenities-list__item flx-align\">\n                                                        <span class=\"icon text-gradient\"><i class=\"fa fa-bed\"><\/i><\/span>\n                                                        <span class=\"text\">3 Camas<\/span>\n                                                    <\/li>\n                                                    <li class=\"amenities-list__item flx-align\">\n                                                        <span class=\"icon text-gradient\"><i class=\"fa fa-bath\"><\/i><\/span>\n                                                        <span class=\"text\">3 Ba\u00f1os<\/span>\n                                                    <\/li>\n                                                <\/ul>\n                                                <h6 class=\"property-item__price\"> $456.00\n                                                    <span class=\"day\">\/por d\u00eda<\/span> \n                                                <\/h6>\n                                                <p class=\"property-item__location d-flex gap-2\"> \n                                                    <span class=\"icon text-gradient\"> <i class=\"fa fa-map-marker\"><\/i><\/span>\n                                                    66 Broklyant, Nueva York Am\u00e9rica\n                                                <\/p>\n                                                <a href=\"https:\/\/domusspain.com\/es\/directory\/investments-prestige-property-management-paramount\/\" class=\"simple-btn text-gradient fw-semibold font-14\">Reserve ahora <span class=\"icon-right\"> <i class=\"fa fa-arrow-right\"><\/i> <\/span> <\/a>\n                                            <\/div>\n                                        <\/div>\n                                    <\/div>\n                                                        <\/div>\n                    <\/div>\n                                            <\/div>\n        <\/div>\n        \t\t\t\t<\/div>\n\t\t\t\t<\/div>\n\t\t\t\t\t<\/div>\n\t\t\t\t<\/div>\n\t\t\t\t<\/div>","protected":false},"excerpt":{"rendered":"<p>Compra Alquiler Venta Inversiones Inmobiliarias Prestige Property Management 3 Camas 3 Ba\u00f1os $456.00 \/por d\u00eda 66 Broklyant, New York America Reserve Ahora Convierta sus sue\u00f1os inmobiliarios en realidad Abrace 3 Camas 3 Ba\u00f1os $456.00 \/por d\u00eda 66 Broklyant, New York America Reserve Ahora Descubra un sinf\u00edn de posibilidades en la mejor inmobiliaria Viva 3 Camas 3<\/p>","protected":false},"author":1,"featured_media":0,"parent":0,"menu_order":0,"comment_status":"closed","ping_status":"closed","template":"","meta":{"inline_featured_image":false,"footnotes":""},"class_list":["post-2014","page","type-page","status-publish","hentry"],"_links":{"self":[{"href":"https:\/\/domusspain.com\/es\/wp-json\/wp\/v2\/pages\/2014","targetHints":{"allow":["GET"]}}],"collection":[{"href":"https:\/\/domusspain.com\/es\/wp-json\/wp\/v2\/pages"}],"about":[{"href":"https:\/\/domusspain.com\/es\/wp-json\/wp\/v2\/types\/page"}],"author":[{"embeddable":true,"href":"https:\/\/domusspain.com\/es\/wp-json\/wp\/v2\/users\/1"}],"replies":[{"embeddable":true,"href":"https:\/\/domusspain.com\/es\/wp-json\/wp\/v2\/comments?post=2014"}],"version-history":[{"count":2,"href":"https:\/\/domusspain.com\/es\/wp-json\/wp\/v2\/pages\/2014\/revisions"}],"predecessor-version":[{"id":2094,"href":"https:\/\/domusspain.com\/es\/wp-json\/wp\/v2\/pages\/2014\/revisions\/2094"}],"wp:attachment":[{"href":"https:\/\/domusspain.com\/es\/wp-json\/wp\/v2\/media?parent=2014"}],"curies":[{"name":"wp","href":"https:\/\/api.w.org\/{rel}","templated":true}]}}